{"id":3,"date":"2021-05-10T22:17:00","date_gmt":"2021-05-10T22:17:00","guid":{"rendered":"http:\/\/geocoaching.co\/?page_id=3"},"modified":"2025-03-11T15:17:02","modified_gmt":"2025-03-11T14:17:02","slug":"mentions-legales","status":"publish","type":"page","link":"https:\/\/geocoaching.co\/en\/mentions-legales\/","title":{"rendered":"Legal notice"},"content":{"rendered":"<div data-elementor-type=\"wp-page\" data-elementor-id=\"3\" class=\"elementor elementor-3\">\n\t\t\t\t<div class=\"elementor-element elementor-element-3dc2a909 e-flex e-con-boxed wpr-particle-no wpr-jarallax-no wpr-parallax-no wpr-sticky-section-no wpr-column-slider-no wpr-equal-height-no e-con e-parent\" data-id=\"3dc2a909\" data-element_type=\"container\" data-e-type=\"container\">\n\t\t\t\t\t<div class=\"e-con-inner\">\n\t\t\t\t<div class=\"elementor-element elementor-element-f62baa7 elementor-widget elementor-widget-heading\" data-id=\"f62baa7\" data-element_type=\"widget\" data-e-type=\"widget\" data-widget_type=\"heading.default\">\n\t\t\t\t<div class=\"elementor-widget-container\">\n\t\t\t\t\t<h2 class=\"elementor-heading-title elementor-size-default\">Legal notice<\/h2>\t\t\t\t<\/div>\n\t\t\t\t<\/div>\n\t\t\t\t<div class=\"elementor-element elementor-element-07dee17 elementor-widget elementor-widget-spacer\" data-id=\"07dee17\" data-element_type=\"widget\" data-e-type=\"widget\" data-widget_type=\"spacer.default\">\n\t\t\t\t<div class=\"elementor-widget-container\">\n\t\t\t\t\t\t\t<div class=\"elementor-spacer\">\n\t\t\t<div class=\"elementor-spacer-inner\"><\/div>\n\t\t<\/div>\n\t\t\t\t\t\t<\/div>\n\t\t\t\t<\/div>\n\t\t\t\t<div class=\"elementor-element elementor-element-56e0cde0 elementor-widget elementor-widget-text-editor\" data-id=\"56e0cde0\" data-element_type=\"widget\" data-e-type=\"widget\" data-widget_type=\"text-editor.default\">\n\t\t\t\t<div class=\"elementor-widget-container\">\n\t\t\t\t\t\t\t\t\t<p><span style=\"color: #000080;\"><strong>Informations sur l&rsquo;entreprise :\u00a0<\/strong><\/span><\/p><ul><li><span style=\"color: #333333;\"><strong>D\u00e9nomination sociale<\/strong> : <span class=\"Apple-converted-space\">\u00a0 <\/span>Geo Coaching<\/span><\/li><li><span style=\"color: #333333;\"><strong>Forme juridique<\/strong> : Soci\u00e9t\u00e9 \u00e0 responsabilit\u00e9 limit\u00e9e \u00e0 associ\u00e9 unique<span class=\"Apple-converted-space\">\u00a0<\/span><\/span><\/li><li><span style=\"color: #333333;\"><strong>Montant du capital social<\/strong> : 20000 \u20ac<\/span><\/li><li><span style=\"color: #333333;\"><strong>Adresse du si\u00e8ge social<\/strong> :<span class=\"Apple-converted-space\">\u00a0<\/span><\/span><\/li><\/ul><p><span style=\"color: #333333;\">\u00a0 \u00a0 \u00a0 Geo Coaching<\/span><\/p><p><span style=\"color: #333333;\">\u00a0 \u00a0 \u00a0 Tour Coeur Defense (chez Wojo)<\/span><\/p><p><span style=\"color: #333333;\">\u00a0 \u00a0 \u00a0 \u00a0110 Esplanade du General de Gaulle, 92931 Paris La Defense Cedex<\/span><\/p><ul><li><span style=\"color: #333333;\"><strong>Num\u00e9ro de t\u00e9l\u00e9phone pour contacter l\u2019entreprise<\/strong> : +33 6 44 25 73 56<\/span><\/li><li><span style=\"color: #333333;\"><strong>E-mail pour contacter l\u2019entreprise<\/strong> : (\u00c0 cr\u00e9er) : <a style=\"color: #333333;\" href=\"mailto:connect@geocoaching.co\">connect@geocoaching.co<\/a><\/span><\/li><\/ul><p>\u00a0<\/p><p><span style=\"color: #000080;\"><strong>Mentions relatives propres intellectuelles<\/strong> :<span class=\"Apple-converted-space\">\u00a0<\/span><\/span><\/p><p><span style=\"color: #333333;\">La marque de Geo Coaching, ainsi que son logo figurant sur le site sont des marques (semi-figuratives ou non) et sont d\u00e9pos\u00e9es. Toute reproduction totale ou partielle de ces marques ou de ces logos effectu\u00e9es \u00e0 partir des \u00e9l\u00e9ments du site sans l&rsquo;autorisation expresse deGeo Coaching est prohib\u00e9e, au sens des articles L.713-2 et suivants du Code de la propri\u00e9t\u00e9 intellectuelle.<\/span><\/p><p>\u00a0<\/p><p><span style=\"color: #000080;\"><strong>H\u00e9bergement du site<\/strong> :<span class=\"Apple-converted-space\">\u00a0<\/span><\/span><\/p><ul><li style=\"list-style-type: none;\"><ul><li><span style=\"color: #333333;\">Nom de l\u2019h\u00e9bergeur : <span class=\"Apple-converted-space\"> STRATO AG \u00a0 \u00a0www.strato.fr\u00a0<\/span><\/span><\/li><\/ul><\/li><li style=\"list-style-type: none;\"><ul><li><span style=\"color: #333333;\">L&rsquo;adresse :\u00a0<\/span><\/li><\/ul><p><span style=\"color: #333333;\">Otto-Ostrowski-Stra\u00dfe 7, 10249 Berlin, Allemagne<\/span><\/p><ul><li><span style=\"color: #333333;\">La raison sociale : Strato<\/span><\/li><\/ul><\/li><\/ul><p><span style=\"color: #333333;\"><strong>Landing page r\u00e9alis\u00e9e par :<\/strong> Laetitia Bonnamy en tant que web designer et web master.\u00a0<\/span><\/p><p>\u00a0<\/p><p><span style=\"color: #000080;\"><strong>Mon activit\u00e9<\/strong> :<\/span><\/p><ul><li><span style=\"color: #333333;\">Siret : 83853742100029<\/span><\/li><li><span style=\"color: #333333;\">Siren : 838537421<\/span><\/li><li><span style=\"color: #333333;\">N\u00b0 TVA intracommunautaire : FR16838537421<\/span><\/li><\/ul><p><span style=\"color: #333333;\">&#8211;<\/span><\/p><ul><li><span style=\"color: #333333;\">Duns : 270879546<\/span><\/li><li><span style=\"color: #333333;\">Code APE : 7022Z &#8211; Conseil pour les affaires et autres conseils de gestion<\/span><\/li><\/ul><p><span style=\"color: #333333;\">Geo Coaching a \u00e9t\u00e9 fond\u00e9 en France en 2018 et est g\u00e9r\u00e9 par Mme Monica Loup-Cornelis<span class=\"Apple-converted-space\">\u00a0<\/span><\/span><\/p><p>\u00a0<\/p><p><span style=\"color: #000080;\"><strong>Titres professionnels :<span class=\"Apple-converted-space\">\u00a0<\/span><\/strong><\/span><\/p><p><span style=\"color: #333333;\">&#8211; Global Executive Coach certifi\u00e9 HEC en 2018 \u00e0 Paris, France<\/span><\/p><ul><li><span style=\"color: #333333;\">Global Leadership &amp; Team Coach certifi\u00e9 Marshall Goldsmith et Global Coach Group aux Etats-Unis en 2020<\/span><\/li><li><span style=\"color: #333333;\">Global Team Coach practitioner certifi\u00e9 GTCI en 2022, UK<\/span><\/li><li><span style=\"color: #333333;\">Accr\u00e9dit\u00e9 Global EMCC EIA practitioner (coaching professionnel en individuel)<\/span><\/li><li><span style=\"color: #333333;\">Accr\u00e9dit\u00e9 Global EMCC ITCA practitioner (coaching professionnel d\u2019\u00e9quipe)<\/span><\/li><li><span style=\"font-size: 1rem; white-space: pre-wrap; color: #333333;\">Geo Coaching est conforme aux chartes \u00e9thiques HEC et Global EMCC<\/span><\/li><\/ul><p>\u00a0<\/p><p><span style=\"color: #000000;\"><strong>La marque de Geo Coaching, ainsi que son logo figurant sur le site sont des marques (semi-figuratives ou non) et sont d\u00e9pos\u00e9es. Toute reproduction totale ou partielle de ces marques ou de ces logos effectu\u00e9es \u00e0 partir des \u00e9l\u00e9ments du site sans l&rsquo;autorisation.\u00a0<\/strong><\/span><\/p>\t\t\t\t\t\t\t\t<\/div>\n\t\t\t\t<\/div>\n\t\t\t\t<div class=\"elementor-element elementor-element-3690748 elementor-widget elementor-widget-spacer\" data-id=\"3690748\" data-element_type=\"widget\" data-e-type=\"widget\" data-widget_type=\"spacer.default\">\n\t\t\t\t<div class=\"elementor-widget-container\">\n\t\t\t\t\t\t\t<div class=\"elementor-spacer\">\n\t\t\t<div class=\"elementor-spacer-inner\"><\/div>\n\t\t<\/div>\n\t\t\t\t\t\t<\/div>\n\t\t\t\t<\/div>\n\t\t\t\t\t<\/div>\n\t\t\t\t<\/div>\n\t\t\t\t<\/div>","protected":false},"excerpt":{"rendered":"<p>Mentions l\u00e9gales Informations sur l&rsquo;entreprise :\u00a0 D\u00e9nomination sociale : \u00a0 Geo Coaching Forme juridique : Soci\u00e9t\u00e9 \u00e0 responsabilit\u00e9 limit\u00e9e \u00e0 associ\u00e9 unique\u00a0 Montant du capital social : 20000 \u20ac Adresse du si\u00e8ge social :\u00a0 \u00a0 \u00a0 \u00a0 Geo Coaching \u00a0 \u00a0 \u00a0 Tour Coeur Defense (chez Wojo) \u00a0 \u00a0 \u00a0 \u00a0110 Esplanade du General de Gaulle, 92931 Paris La Defense Cedex Num\u00e9ro de t\u00e9l\u00e9phone pour contacter l\u2019entreprise : +33 6 44 25 73 56 E-mail pour contacter l\u2019entreprise : (\u00c0 cr\u00e9er) : connect@geocoaching.co \u00a0 Mentions relatives propres intellectuelles :\u00a0 La marque de Geo Coaching, ainsi que son logo figurant sur le site sont des marques (semi-figuratives ou non) et sont d\u00e9pos\u00e9es. Toute reproduction totale ou partielle de ces marques ou de ces logos effectu\u00e9es \u00e0 partir des \u00e9l\u00e9ments du site sans l&rsquo;autorisation expresse deGeo Coaching est prohib\u00e9e, au sens des articles L.713-2 et suivants du Code de la propri\u00e9t\u00e9 intellectuelle. \u00a0 H\u00e9bergement du site :\u00a0 Nom de l\u2019h\u00e9bergeur : STRATO AG \u00a0 \u00a0www.strato.fr\u00a0 L&rsquo;adresse :\u00a0 Otto-Ostrowski-Stra\u00dfe 7, 10249 Berlin, Allemagne La raison sociale : Strato Landing page r\u00e9alis\u00e9e par : Laetitia Bonnamy en tant que web designer et web master.\u00a0 \u00a0 Mon activit\u00e9 : Siret : 83853742100029 Siren : 838537421 N\u00b0 TVA intracommunautaire : FR16838537421 &#8211; Duns : 270879546 Code APE : 7022Z &#8211; Conseil pour les affaires et autres conseils de gestion Geo Coaching a \u00e9t\u00e9 fond\u00e9 en France en 2018 et est g\u00e9r\u00e9 par Mme Monica Loup-Cornelis\u00a0 \u00a0 Titres professionnels :\u00a0 &#8211; Global Executive Coach certifi\u00e9 HEC en 2018 \u00e0 Paris, France Global Leadership &amp; Team Coach certifi\u00e9 Marshall Goldsmith et Global Coach Group aux Etats-Unis en 2020 Global Team Coach practitioner certifi\u00e9 GTCI en 2022, UK Accr\u00e9dit\u00e9 Global EMCC EIA practitioner (coaching professionnel en individuel) Accr\u00e9dit\u00e9 Global EMCC ITCA practitioner (coaching professionnel d\u2019\u00e9quipe) Geo Coaching est conforme aux chartes \u00e9thiques HEC et Global EMCC \u00a0 La marque de Geo Coaching, ainsi que son logo figurant sur le site sont des marques (semi-figuratives ou non) et sont d\u00e9pos\u00e9es. Toute reproduction totale ou partielle de ces marques ou de ces logos effectu\u00e9es \u00e0 partir des \u00e9l\u00e9ments du site sans l&rsquo;autorisation.\u00a0<\/p>","protected":false},"author":1,"featured_media":0,"parent":0,"menu_order":0,"comment_status":"closed","ping_status":"closed","template":"","meta":{"om_disable_all_campaigns":false,"_monsterinsights_skip_tracking":false,"_monsterinsights_sitenote_active":false,"_monsterinsights_sitenote_note":"","_monsterinsights_sitenote_category":0,"_themeisle_gutenberg_block_has_review":false,"footnotes":""},"class_list":["post-3","page","type-page","status-publish","hentry"],"aioseo_notices":[],"_links":{"self":[{"href":"https:\/\/geocoaching.co\/en\/wp-json\/wp\/v2\/pages\/3","targetHints":{"allow":["GET"]}}],"collection":[{"href":"https:\/\/geocoaching.co\/en\/wp-json\/wp\/v2\/pages"}],"about":[{"href":"https:\/\/geocoaching.co\/en\/wp-json\/wp\/v2\/types\/page"}],"author":[{"embeddable":true,"href":"https:\/\/geocoaching.co\/en\/wp-json\/wp\/v2\/users\/1"}],"replies":[{"embeddable":true,"href":"https:\/\/geocoaching.co\/en\/wp-json\/wp\/v2\/comments?post=3"}],"version-history":[{"count":28,"href":"https:\/\/geocoaching.co\/en\/wp-json\/wp\/v2\/pages\/3\/revisions"}],"predecessor-version":[{"id":1425,"href":"https:\/\/geocoaching.co\/en\/wp-json\/wp\/v2\/pages\/3\/revisions\/1425"}],"wp:attachment":[{"href":"https:\/\/geocoaching.co\/en\/wp-json\/wp\/v2\/media?parent=3"}],"curies":[{"name":"wp","href":"https:\/\/api.w.org\/{rel}","templated":true}]}}