{"id":442,"date":"2025-03-04T17:54:27","date_gmt":"2025-03-04T16:54:27","guid":{"rendered":"https:\/\/geocoaching.co\/?page_id=442"},"modified":"2026-02-20T11:03:45","modified_gmt":"2026-02-20T10:03:45","slug":"prise-de-rendez-vous","status":"publish","type":"page","link":"https:\/\/geocoaching.co\/en\/prise-de-rendez-vous\/","title":{"rendered":"Formulaire prise de rendez-vous"},"content":{"rendered":"<div data-elementor-type=\"wp-page\" data-elementor-id=\"442\" class=\"elementor elementor-442\">\n\t\t\t\t<div class=\"elementor-element elementor-element-a5759b4 e-con-full e-flex wpr-particle-no wpr-jarallax-no wpr-parallax-no wpr-sticky-section-no wpr-column-slider-no wpr-equal-height-no e-con e-parent\" data-id=\"a5759b4\" data-element_type=\"container\" data-e-type=\"container\" data-settings=\"{&quot;background_background&quot;:&quot;classic&quot;}\">\n\t\t\t\t<div class=\"elementor-element elementor-element-b1216f3 elementor-widget elementor-widget-shortcode\" data-id=\"b1216f3\" data-element_type=\"widget\" data-e-type=\"widget\" data-widget_type=\"shortcode.default\">\n\t\t\t\t<div class=\"elementor-widget-container\">\n\t\t\t\t\t\t\t<div class=\"elementor-shortcode\"><iframe src=\"https:\/\/geocoaching.co\/en\/wp-json\/ssa\/v1\/embed-inner?integration&type&label&types&edit&view&payment_provider&ssa_locale=en_GB&ssa_is_rtl&sid=7cc93db3d939d95599cc88629695ce8d8b017445&availability_start_date&availability_end_date&suggest_first_available&suggest_first_available_within_minutes&flow&fallback_flow&time_view&date_view&appointment_types_view&version&accent_color&background&padding&font&booking_url=https%3A%2F%2Fgeocoaching.co%2Fen%2Fprise-de-rendez-vous%2F&booking_post_id=442&booking_title=Formulaire+prise+de+rendez-vous&_wpnonce=499ff688cb&redirect_post_id&defer&hide_header&mepr_membership_id#\/\" height=\"400px\" width=\"100%\" name=\"ssa_booking\" loading=\"eager\" frameborder=\"0\" data-skip-lazy=\"1\" class=\"ssa_booking_iframe skip-lazy\" title=\"Book a time\"><\/iframe><\/div>\n\t\t\t\t\t\t<\/div>\n\t\t\t\t<\/div>\n\t\t\t\t<\/div>\n\t\t<div class=\"elementor-element elementor-element-32aa46b e-flex e-con-boxed wpr-particle-no wpr-jarallax-no wpr-parallax-no wpr-sticky-section-no wpr-column-slider-no wpr-equal-height-no e-con e-parent\" data-id=\"32aa46b\" data-element_type=\"container\" data-e-type=\"container\">\n\t\t\t\t\t<div class=\"e-con-inner\">\n\t\t\t\t<div class=\"elementor-element elementor-element-bc23fd2 elementor-widget elementor-widget-heading\" data-id=\"bc23fd2\" data-element_type=\"widget\" data-e-type=\"widget\" data-widget_type=\"heading.default\">\n\t\t\t\t<div class=\"elementor-widget-container\">\n\t\t\t\t\t<h3 class=\"elementor-heading-title elementor-size-default\">I help entrepreneurs, business leaders, and their teams innovate, grow, and become global leaders.<\/h3>\t\t\t\t<\/div>\n\t\t\t\t<\/div>\n\t\t\t\t\t<\/div>\n\t\t\t\t<\/div>\n\t\t<footer class=\"elementor-element elementor-element-6d902db e-con-full e-flex wpr-particle-no wpr-jarallax-no wpr-parallax-no wpr-sticky-section-no wpr-column-slider-no wpr-equal-height-no e-con e-parent\" data-id=\"6d902db\" data-element_type=\"container\" data-e-type=\"container\">\n\t\t<div class=\"elementor-element elementor-element-c7cc11c e-con-full e-flex wpr-particle-no wpr-jarallax-no wpr-parallax-no wpr-sticky-section-no wpr-column-slider-no wpr-equal-height-no e-con e-child\" data-id=\"c7cc11c\" data-element_type=\"container\" data-e-type=\"container\">\n\t\t\t\t<div class=\"elementor-element elementor-element-aaff685 elementor-widget elementor-widget-image\" data-id=\"aaff685\" data-element_type=\"widget\" data-e-type=\"widget\" data-widget_type=\"image.default\">\n\t\t\t\t<div class=\"elementor-widget-container\">\n\t\t\t\t\t\t\t\t\t\t\t\t\t\t\t<img fetchpriority=\"high\" decoding=\"async\" width=\"945\" height=\"224\" src=\"https:\/\/geocoaching.co\/wp-content\/uploads\/2024\/12\/Logo-Geocoaching_small.png\" class=\"attachment-full size-full wp-image-754\" alt=\"\" srcset=\"https:\/\/geocoaching.co\/wp-content\/uploads\/2024\/12\/Logo-Geocoaching_small.png 945w, https:\/\/geocoaching.co\/wp-content\/uploads\/2024\/12\/Logo-Geocoaching_small-300x71.png 300w, https:\/\/geocoaching.co\/wp-content\/uploads\/2024\/12\/Logo-Geocoaching_small-768x182.png 768w\" sizes=\"(max-width: 945px) 100vw, 945px\" \/>\t\t\t\t\t\t\t\t\t\t\t\t\t\t\t<\/div>\n\t\t\t\t<\/div>\n\t\t\t\t<\/div>\n\t\t<div class=\"elementor-element elementor-element-bcd3c0f e-con-full e-flex wpr-particle-no wpr-jarallax-no wpr-parallax-no wpr-sticky-section-no wpr-column-slider-no wpr-equal-height-no e-con e-child\" data-id=\"bcd3c0f\" data-element_type=\"container\" data-e-type=\"container\">\n\t\t\t\t<div class=\"elementor-element elementor-element-ad9e8a1 elementor-icon-list--layout-inline elementor-tablet-align-center elementor-align-center elementor-list-item-link-full_width elementor-widget elementor-widget-icon-list\" data-id=\"ad9e8a1\" data-element_type=\"widget\" data-e-type=\"widget\" data-widget_type=\"icon-list.default\">\n\t\t\t\t<div class=\"elementor-widget-container\">\n\t\t\t\t\t\t\t<ul class=\"elementor-icon-list-items elementor-inline-items\">\n\t\t\t\t\t\t\t<li class=\"elementor-icon-list-item elementor-inline-item\">\n\t\t\t\t\t\t\t\t\t\t\t<a href=\"tel:+33644257356\">\n\n\t\t\t\t\t\t\t\t\t\t\t<span class=\"elementor-icon-list-text\">06 44 25 73 56<\/span>\n\t\t\t\t\t\t\t\t\t\t\t<\/a>\n\t\t\t\t\t\t\t\t\t<\/li>\n\t\t\t\t\t\t\t\t<li class=\"elementor-icon-list-item elementor-inline-item\">\n\t\t\t\t\t\t\t\t\t\t\t<a href=\"mailto:monica.loup@geocoaching.co\">\n\n\t\t\t\t\t\t\t\t\t\t\t<span class=\"elementor-icon-list-text\"> monica.loup@geocoaching.co<\/span>\n\t\t\t\t\t\t\t\t\t\t\t<\/a>\n\t\t\t\t\t\t\t\t\t<\/li>\n\t\t\t\t\t\t\t\t<li class=\"elementor-icon-list-item elementor-inline-item\">\n\t\t\t\t\t\t\t\t\t\t<span class=\"elementor-icon-list-text\">Mon\u2013Fri: 8:30 a.m. \u2013 7:00 p.m.<\/span>\n\t\t\t\t\t\t\t\t\t<\/li>\n\t\t\t\t\t\t<\/ul>\n\t\t\t\t\t\t<\/div>\n\t\t\t\t<\/div>\n\t\t\t\t<\/div>\n\t\t<div class=\"elementor-element elementor-element-6f5018c e-con-full e-flex wpr-particle-no wpr-jarallax-no wpr-parallax-no wpr-sticky-section-no wpr-column-slider-no wpr-equal-height-no e-con e-child\" data-id=\"6f5018c\" data-element_type=\"container\" data-e-type=\"container\">\n\t\t\t\t<div class=\"elementor-element elementor-element-e8ddd5d e-grid-align-right e-grid-align-tablet-right e-grid-align-mobile-center elementor-widget-mobile__width-inherit elementor-shape-rounded elementor-grid-0 elementor-widget elementor-widget-social-icons\" data-id=\"e8ddd5d\" data-element_type=\"widget\" data-e-type=\"widget\" data-widget_type=\"social-icons.default\">\n\t\t\t\t<div class=\"elementor-widget-container\">\n\t\t\t\t\t\t\t<div class=\"elementor-social-icons-wrapper elementor-grid\">\n\t\t\t\t\t\t\t<span class=\"elementor-grid-item\">\n\t\t\t\t\t<a class=\"elementor-icon elementor-social-icon elementor-social-icon-linkedin elementor-repeater-item-5aa8bc2\" href=\"https:\/\/www.linkedin.com\/in\/monicaloup\/\" target=\"_blank\">\n\t\t\t\t\t\t<span class=\"elementor-screen-only\">Linkedin<\/span>\n\t\t\t\t\t\t<svg aria-hidden=\"true\" class=\"e-font-icon-svg e-fab-linkedin\" viewbox=\"0 0 448 512\" xmlns=\"http:\/\/www.w3.org\/2000\/svg\"><path d=\"M416 32H31.9C14.3 32 0 46.5 0 64.3v383.4C0 465.5 14.3 480 31.9 480H416c17.6 0 32-14.5 32-32.3V64.3c0-17.8-14.4-32.3-32-32.3zM135.4 416H69V202.2h66.5V416zm-33.2-243c-21.3 0-38.5-17.3-38.5-38.5S80.9 96 102.2 96c21.2 0 38.5 17.3 38.5 38.5 0 21.3-17.2 38.5-38.5 38.5zm282.1 243h-66.4V312c0-24.8-.5-56.7-34.5-56.7-34.6 0-39.9 27-39.9 54.9V416h-66.4V202.2h63.7v29.2h.9c8.9-16.8 30.6-34.5 62.9-34.5 67.2 0 79.7 44.3 79.7 101.9V416z\"><\/path><\/svg>\t\t\t\t\t<\/a>\n\t\t\t\t<\/span>\n\t\t\t\t\t<\/div>\n\t\t\t\t\t\t<\/div>\n\t\t\t\t<\/div>\n\t\t\t\t<\/div>\n\t\t\t\t<\/footer>\n\t\t<div class=\"elementor-element elementor-element-3436dc0 e-con-full e-flex wpr-particle-no wpr-jarallax-no wpr-parallax-no wpr-sticky-section-no wpr-column-slider-no wpr-equal-height-no e-con e-parent\" data-id=\"3436dc0\" data-element_type=\"container\" data-e-type=\"container\" data-settings=\"{&quot;background_background&quot;:&quot;classic&quot;}\">\n\t\t\t\t<div class=\"elementor-element elementor-element-81d4883 elementor-widget elementor-widget-heading\" data-id=\"81d4883\" data-element_type=\"widget\" data-e-type=\"widget\" data-widget_type=\"heading.default\">\n\t\t\t\t<div class=\"elementor-widget-container\">\n\t\t\t\t\t<p class=\"elementor-heading-title elementor-size-default\">\u00a9 All rights reserved.<\/p>\t\t\t\t<\/div>\n\t\t\t\t<\/div>\n\t\t\t\t<\/div>\n\t\t\t\t<\/div>","protected":false},"excerpt":{"rendered":"<p>J&rsquo;aide les entrepreneurs, les dirigeants d&rsquo;entreprise et leurs \u00e9quipes \u00e0 innover, se d\u00e9velopper et devenir des leaders mondiaux. 06 44 25 73 56 monica.loup@geocoaching.co Lun-Ven : 8:30 &#8211; 19:00 Linkedin \u00a9 Tous droits r\u00e9serv\u00e9s.<\/p>","protected":false},"author":4,"featured_media":0,"parent":0,"menu_order":0,"comment_status":"closed","ping_status":"closed","template":"elementor_header_footer","meta":{"om_disable_all_campaigns":false,"_monsterinsights_skip_tracking":false,"_monsterinsights_sitenote_active":false,"_monsterinsights_sitenote_note":"","_monsterinsights_sitenote_category":0,"_themeisle_gutenberg_block_has_review":false,"footnotes":""},"class_list":["post-442","page","type-page","status-publish","hentry"],"aioseo_notices":[],"_links":{"self":[{"href":"https:\/\/geocoaching.co\/en\/wp-json\/wp\/v2\/pages\/442","targetHints":{"allow":["GET"]}}],"collection":[{"href":"https:\/\/geocoaching.co\/en\/wp-json\/wp\/v2\/pages"}],"about":[{"href":"https:\/\/geocoaching.co\/en\/wp-json\/wp\/v2\/types\/page"}],"author":[{"embeddable":true,"href":"https:\/\/geocoaching.co\/en\/wp-json\/wp\/v2\/users\/4"}],"replies":[{"embeddable":true,"href":"https:\/\/geocoaching.co\/en\/wp-json\/wp\/v2\/comments?post=442"}],"version-history":[{"count":26,"href":"https:\/\/geocoaching.co\/en\/wp-json\/wp\/v2\/pages\/442\/revisions"}],"predecessor-version":[{"id":1452,"href":"https:\/\/geocoaching.co\/en\/wp-json\/wp\/v2\/pages\/442\/revisions\/1452"}],"wp:attachment":[{"href":"https:\/\/geocoaching.co\/en\/wp-json\/wp\/v2\/media?parent=442"}],"curies":[{"name":"wp","href":"https:\/\/api.w.org\/{rel}","templated":true}]}}